{"id":1849,"date":"2025-01-16T22:04:03","date_gmt":"2025-01-16T21:04:03","guid":{"rendered":"https:\/\/apo.vorschau2.de\/?page_id=1849"},"modified":"2025-03-20T10:57:16","modified_gmt":"2025-03-20T09:57:16","slug":"imprint","status":"publish","type":"page","link":"https:\/\/ems-apo.com\/alb\/imprint\/","title":{"rendered":"Hartoi"},"content":{"rendered":"<div data-elementor-type=\"wp-page\" data-elementor-id=\"1849\" class=\"elementor elementor-1849\" data-elementor-post-type=\"page\">\n\t\t\t\t<div class=\"elementor-element elementor-element-1a44ae9 e-flex e-con-boxed e-con e-parent\" data-id=\"1a44ae9\" data-element_type=\"container\" data-e-type=\"container\" data-settings=\"{&quot;background_background&quot;:&quot;classic&quot;,&quot;_ha_eqh_enable&quot;:false}\">\n\t\t\t\t\t<div class=\"e-con-inner\">\n\t\t<div class=\"elementor-element elementor-element-9f25504 e-con-full e-flex e-con e-child\" data-id=\"9f25504\" data-element_type=\"container\" data-e-type=\"container\" data-settings=\"{&quot;_ha_eqh_enable&quot;:false}\">\n\t\t\t\t<div class=\"elementor-element elementor-element-0dfd507 elementor-invisible elementor-widget elementor-widget-heading\" data-id=\"0dfd507\" data-element_type=\"widget\" data-e-type=\"widget\" data-settings=\"{&quot;_animation&quot;:&quot;fadeInDown&quot;}\" data-widget_type=\"heading.default\">\n\t\t\t\t<div class=\"elementor-widget-container\">\n\t\t\t\t\t<h1 class=\"elementor-heading-title elementor-size-default\">Hartoi<\/h1>\t\t\t\t<\/div>\n\t\t\t\t<\/div>\n\t\t\t\t<\/div>\n\t\t\t\t\t<\/div>\n\t\t\t\t<\/div>\n\t\t<div class=\"elementor-element elementor-element-16f1c802 e-flex e-con-boxed e-con e-parent\" data-id=\"16f1c802\" data-element_type=\"container\" data-e-type=\"container\" data-settings=\"{&quot;_ha_eqh_enable&quot;:false}\">\n\t\t\t\t\t<div class=\"e-con-inner\">\n\t\t\t\t<div class=\"elementor-element elementor-element-6fc07a88 elementor-widget elementor-widget-text-editor\" data-id=\"6fc07a88\" data-element_type=\"widget\" data-e-type=\"widget\" data-widget_type=\"text-editor.default\">\n\t\t\t\t<div class=\"elementor-widget-container\">\n\t\t\t\t\t\t\t\t\t\n<h2 class=\"wp-block-heading\">P\u00ebrgjegj\u00ebs p\u00ebr p\u00ebrmbajtjen sipas \u00a76 t\u00eb TDG:<\/h2>\n\n<p class=\"p1\"><strong>Operatori i Portit Shqiptar EMS Shpk<\/strong><\/p>\n<p class=\"p1\">Lagjja 13 Porti i Durresit Terminali Lindor<\/p>\n<p class=\"p1\">Hyrja nr. 5<\/p>\n<p class=\"p1\">Durr\u00ebs, Shqip\u00ebri<\/p>\n<p class=\"p1\">Drejtor Menaxhues<\/p>\n<p class=\"p1\">Florian Cimo<\/p>\n<p class=\"p1\">Numri i NIPT-it L31804506A<\/p>\n<p class=\"p1\">Mohim p\u00ebrgjegj\u00ebsie<\/p>\t\t\t\t\t\t\t\t<\/div>\n\t\t\t\t<\/div>\n\t\t\t\t<div class=\"elementor-element elementor-element-f9fdb0b elementor-widget-divider--view-line elementor-widget elementor-widget-divider\" data-id=\"f9fdb0b\" data-element_type=\"widget\" data-e-type=\"widget\" data-widget_type=\"divider.default\">\n\t\t\t\t<div class=\"elementor-widget-container\">\n\t\t\t\t\t\t\t<div class=\"elementor-divider\">\n\t\t\t<span class=\"elementor-divider-separator\">\n\t\t\t\t\t\t<\/span>\n\t\t<\/div>\n\t\t\t\t\t\t<\/div>\n\t\t\t\t<\/div>\n\t\t\t\t<div class=\"elementor-element elementor-element-2987e06 elementor-widget elementor-widget-text-editor\" data-id=\"2987e06\" data-element_type=\"widget\" data-e-type=\"widget\" data-widget_type=\"text-editor.default\">\n\t\t\t\t<div class=\"elementor-widget-container\">\n\t\t\t\t\t\t\t\t\t<p>Autor\u00ebt e k\u00ebsaj faqeje interneti distancohen shprehimisht nga t\u00eb gjitha p\u00ebrmbajtjet n\u00eb faqet q\u00eb mund t\u00eb aksesohen n\u00ebp\u00ebrmjet lidhjeve n\u00eb faqen ton\u00eb t\u00eb internetit. Ne nuk e p\u00ebrdorim apo zot\u00ebrojm\u00eb k\u00ebt\u00eb p\u00ebrmbajtje. Kjo deklarat\u00eb vlen p\u00ebr t\u00eb gjitha lidhjet n\u00eb faqen ton\u00eb t\u00eb internetit.<\/p>\n<p>Lidhjet u zgjodh\u00ebn me kujdes dhe u bashkuan me nj\u00eb ndjenj\u00eb p\u00ebrgjegj\u00ebsie p\u00ebr reputacionin e tyre. N\u00eb koh\u00ebn e integrimit, faqet e rekomanduara t\u00eb internetit nuk konsideroheshin t\u00eb d\u00ebmshme p\u00ebr t\u00eb rinjt\u00eb ose q\u00eb shkelnin ligjin gjerman n\u00eb fuqi.<\/p>\n<p>N\u00ebse hasni n\u00eb nj\u00eb lidhje p\u00ebr t\u00eb cil\u00ebn kjo nuk duhet t\u00eb zbatohet m\u00eb p\u00ebr shkak t\u00eb ndryshimeve, ju k\u00ebrkojm\u00eb t\u00eb na njoftoni menj\u00ebher\u00eb duke na kontaktuar. M\u00eb pas do ta heqim menj\u00ebher\u00eb k\u00ebt\u00eb lidhje nga faqja jon\u00eb e internetit. Faleminderit shum\u00eb.<\/p>\n<p><strong>P\u00ebrmbajtja e detyrimit:<\/strong><\/p>\n<p>Ne p\u00ebrpiqemi t\u00eb mbajm\u00eb p\u00ebrmbajtjen n\u00eb faqen ton\u00eb t\u00eb p\u00ebrdit\u00ebsuar. Pavar\u00ebsisht trajtimit t\u00eb kujdessh\u00ebm, nj\u00eb detyrim \u00ebsht\u00eb i p\u00ebrjashtuar. P\u00ebr p\u00ebrmbajtjen e pal\u00ebve t\u00eb lidhura p\u00ebrgjegj\u00ebsia q\u00ebndron gjithmon\u00eb nga ofruesi ose operatori p\u00ebrkat\u00ebs i faqeve t\u00eb tilla.<\/p>\t\t\t\t\t\t\t\t<\/div>\n\t\t\t\t<\/div>\n\t\t\t\t<div class=\"elementor-element elementor-element-815034b elementor-widget-divider--view-line elementor-widget elementor-widget-divider\" data-id=\"815034b\" data-element_type=\"widget\" data-e-type=\"widget\" data-widget_type=\"divider.default\">\n\t\t\t\t<div class=\"elementor-widget-container\">\n\t\t\t\t\t\t\t<div class=\"elementor-divider\">\n\t\t\t<span class=\"elementor-divider-separator\">\n\t\t\t\t\t\t<\/span>\n\t\t<\/div>\n\t\t\t\t\t\t<\/div>\n\t\t\t\t<\/div>\n\t\t\t\t<div class=\"elementor-element elementor-element-48d0811 elementor-widget elementor-widget-text-editor\" data-id=\"48d0811\" data-element_type=\"widget\" data-e-type=\"widget\" data-widget_type=\"text-editor.default\">\n\t\t\t\t<div class=\"elementor-widget-container\">\n\t\t\t\t\t\t\t\t\t<p>Dizajn dhe zhvillim teknik:<\/p>\n<p><a class=\"\" href=\"https:\/\/freischuetz.eu\/?utm_source=ems-apo&amp;utm_campaign=impressum\" target=\"_blank\" rel=\"noopener\"><b class=\"\">Freischuetz GmbH<\/b>, Leer \u2013 Gjermani<\/a><\/p>\t\t\t\t\t\t\t\t<\/div>\n\t\t\t\t<\/div>\n\t\t\t\t\t<\/div>\n\t\t\t\t<\/div>\n\t\t\t\t<\/div>","protected":false},"excerpt":{"rendered":"<p>Responsible for content according to \u00a76 of the TDG: EMS Albanian Port Operator Shpk Lagjja 13, Porti i Durresit, Terminali Lindor Hyrja nr. 5 Durres, Albania Managing Director Florian Cimo NIPT Number L31804506A Disclaimer The authors of this website hereby expressly distance themselves from all content on pages that can be accessed via links on [&hellip;]<\/p>\n","protected":false},"author":1,"featured_media":0,"parent":0,"menu_order":0,"comment_status":"closed","ping_status":"open","template":"","meta":{"_seopress_robots_primary_cat":"","_seopress_titles_title":"Imprint | EMS Albanian Port Operator","_seopress_titles_desc":"Find company details and legal information about EMS APO. Contact us for inquiries regarding our port operations at Durr\u00ebs Port's East Terminal.","_seopress_robots_index":"","footnotes":""},"wf_page_folders":[],"class_list":["post-1849","page","type-page","status-publish","hentry"],"_links":{"self":[{"href":"https:\/\/ems-apo.com\/alb\/wp-json\/wp\/v2\/pages\/1849","targetHints":{"allow":["GET"]}}],"collection":[{"href":"https:\/\/ems-apo.com\/alb\/wp-json\/wp\/v2\/pages"}],"about":[{"href":"https:\/\/ems-apo.com\/alb\/wp-json\/wp\/v2\/types\/page"}],"author":[{"embeddable":true,"href":"https:\/\/ems-apo.com\/alb\/wp-json\/wp\/v2\/users\/1"}],"replies":[{"embeddable":true,"href":"https:\/\/ems-apo.com\/alb\/wp-json\/wp\/v2\/comments?post=1849"}],"version-history":[{"count":5,"href":"https:\/\/ems-apo.com\/alb\/wp-json\/wp\/v2\/pages\/1849\/revisions"}],"predecessor-version":[{"id":2472,"href":"https:\/\/ems-apo.com\/alb\/wp-json\/wp\/v2\/pages\/1849\/revisions\/2472"}],"wp:attachment":[{"href":"https:\/\/ems-apo.com\/alb\/wp-json\/wp\/v2\/media?parent=1849"}],"wp:term":[{"taxonomy":"wf_page_folders","embeddable":true,"href":"https:\/\/ems-apo.com\/alb\/wp-json\/wp\/v2\/wf_page_folders?post=1849"}],"curies":[{"name":"wp","href":"https:\/\/api.w.org\/{rel}","templated":true}]}}