{"id":212,"date":"2024-11-11T10:40:40","date_gmt":"2024-11-11T09:40:40","guid":{"rendered":"https:\/\/apo.vorschau2.de\/?page_id=212"},"modified":"2025-03-20T10:54:42","modified_gmt":"2025-03-20T09:54:42","slug":"team","status":"publish","type":"page","link":"https:\/\/ems-apo.com\/alb\/team\/","title":{"rendered":"Stafi"},"content":{"rendered":"<div data-elementor-type=\"wp-page\" data-elementor-id=\"212\" class=\"elementor elementor-212\" data-elementor-post-type=\"page\">\n\t\t\t\t<div class=\"elementor-element elementor-element-8199368 e-flex e-con-boxed e-con e-parent\" data-id=\"8199368\" data-element_type=\"container\" data-e-type=\"container\" data-settings=\"{&quot;background_background&quot;:&quot;classic&quot;,&quot;_ha_eqh_enable&quot;:false}\">\n\t\t\t\t\t<div class=\"e-con-inner\">\n\t\t<div class=\"elementor-element elementor-element-df50b82 e-con-full e-flex e-con e-child\" data-id=\"df50b82\" data-element_type=\"container\" data-e-type=\"container\" data-settings=\"{&quot;background_background&quot;:&quot;gradient&quot;,&quot;_ha_eqh_enable&quot;:false}\">\n\t\t\t\t<div class=\"elementor-element elementor-element-be721f0 elementor-invisible elementor-widget elementor-widget-heading\" data-id=\"be721f0\" data-element_type=\"widget\" data-e-type=\"widget\" data-settings=\"{&quot;_animation&quot;:&quot;fadeInDown&quot;}\" data-widget_type=\"heading.default\">\n\t\t\t\t<div class=\"elementor-widget-container\">\n\t\t\t\t\t<h1 class=\"elementor-heading-title elementor-size-default\">Ekipi yn\u00eb<\/h1>\t\t\t\t<\/div>\n\t\t\t\t<\/div>\n\t\t\t\t<div class=\"elementor-element elementor-element-ab62424 elementor-widget-mobile__width-inherit elementor-invisible elementor-widget elementor-widget-text-editor\" data-id=\"ab62424\" data-element_type=\"widget\" data-e-type=\"widget\" data-settings=\"{&quot;_animation&quot;:&quot;fadeIn&quot;,&quot;_animation_delay&quot;:600}\" data-widget_type=\"text-editor.default\">\n\t\t\t\t<div class=\"elementor-widget-container\">\n\t\t\t\t\t\t\t\t\t<p>I gjithansh\u00ebm, fleksib\u00ebl dhe i besuesh\u00ebm: k\u00ebto jan\u00eb k\u00ebrkesat q\u00eb ekipi yn\u00eb p\u00ebrmbush p\u00ebr klient\u00ebt tan\u00eb 24\/7.<\/p>\t\t\t\t\t\t\t\t<\/div>\n\t\t\t\t<\/div>\n\t\t\t\t<\/div>\n\t\t\t\t\t<\/div>\n\t\t\t\t<\/div>\n\t\t<div class=\"elementor-element elementor-element-0c7ca6d e-flex e-con-boxed e-con e-parent\" data-id=\"0c7ca6d\" data-element_type=\"container\" data-e-type=\"container\" data-settings=\"{&quot;_ha_eqh_enable&quot;:false}\">\n\t\t\t\t\t<div class=\"e-con-inner\">\n\t\t<div class=\"elementor-element elementor-element-fb2b65c e-con-full e-flex e-con e-child\" data-id=\"fb2b65c\" data-element_type=\"container\" data-e-type=\"container\" data-settings=\"{&quot;_ha_eqh_enable&quot;:false}\">\n\t\t\t\t<div class=\"elementor-element elementor-element-d4d71ef elementor-widget__width-initial elementor-widget-mobile__width-inherit elementor-widget elementor-widget-elementskit-heading\" data-id=\"d4d71ef\" data-element_type=\"widget\" data-e-type=\"widget\" data-widget_type=\"elementskit-heading.default\">\n\t\t\t\t<div class=\"elementor-widget-container\">\n\t\t\t\t\t<div class=\"ekit-wid-con\" ><div class=\"ekit-heading elementskit-section-title-wraper text_left   ekit_heading_tablet-   ekit_heading_mobile-\"><h2 class=\"ekit-heading--title elementskit-section-title\">An\u00ebtar\u00ebt tan\u00eb <span><span>ekipi drejtues<\/span><\/span><\/h2><\/div><\/div>\t\t\t\t<\/div>\n\t\t\t\t<\/div>\n\t\t\t\t<\/div>\n\t\t\t\t\t<\/div>\n\t\t\t\t<\/div>\n\t\t<div class=\"elementor-element elementor-element-b4a7b58 e-flex e-con-boxed e-con e-parent\" data-id=\"b4a7b58\" data-element_type=\"container\" data-e-type=\"container\" data-settings=\"{&quot;_ha_eqh_enable&quot;:false}\">\n\t\t\t\t\t<div class=\"e-con-inner\">\n\t\t\t\t\t<\/div>\n\t\t\t\t<\/div>\n\t\t\t\t<\/div>","protected":false},"excerpt":{"rendered":"<p>Our Team Versatile, flexible and reliable: these are the requirements that our team fulfills for our customers 24\/7. Members of our management team Florian \u00c7imo Terminal Manager Email: florian@ems-apo.com Mobile: + 355 689 012 923 Gazmend Sina Senior Advisor Email: gazmend@ems-apo.com Mobile: + 355 692 099 460 Rozana Malo Assistant to Management Email: rozana@ems-apo.com Mobile: [&hellip;]<\/p>\n","protected":false},"author":1,"featured_media":0,"parent":0,"menu_order":0,"comment_status":"closed","ping_status":"closed","template":"","meta":{"_seopress_robots_primary_cat":"","_seopress_titles_title":"Meet the EMS APO Team \u2013 Experts in Port Operations","_seopress_titles_desc":"Get to know the experienced EMS APO team, dedicated to efficient port operations and logistics at Durr\u00ebs Port's East Terminal.","_seopress_robots_index":"","footnotes":""},"wf_page_folders":[],"class_list":["post-212","page","type-page","status-publish","hentry"],"_links":{"self":[{"href":"https:\/\/ems-apo.com\/alb\/wp-json\/wp\/v2\/pages\/212","targetHints":{"allow":["GET"]}}],"collection":[{"href":"https:\/\/ems-apo.com\/alb\/wp-json\/wp\/v2\/pages"}],"about":[{"href":"https:\/\/ems-apo.com\/alb\/wp-json\/wp\/v2\/types\/page"}],"author":[{"embeddable":true,"href":"https:\/\/ems-apo.com\/alb\/wp-json\/wp\/v2\/users\/1"}],"replies":[{"embeddable":true,"href":"https:\/\/ems-apo.com\/alb\/wp-json\/wp\/v2\/comments?post=212"}],"version-history":[{"count":5,"href":"https:\/\/ems-apo.com\/alb\/wp-json\/wp\/v2\/pages\/212\/revisions"}],"predecessor-version":[{"id":2480,"href":"https:\/\/ems-apo.com\/alb\/wp-json\/wp\/v2\/pages\/212\/revisions\/2480"}],"wp:attachment":[{"href":"https:\/\/ems-apo.com\/alb\/wp-json\/wp\/v2\/media?parent=212"}],"wp:term":[{"taxonomy":"wf_page_folders","embeddable":true,"href":"https:\/\/ems-apo.com\/alb\/wp-json\/wp\/v2\/wf_page_folders?post=212"}],"curies":[{"name":"wp","href":"https:\/\/api.w.org\/{rel}","templated":true}]}}